{"id":11718,"date":"2025-03-09T14:17:22","date_gmt":"2025-03-09T14:17:22","guid":{"rendered":"https:\/\/komprabootcamp.ca\/product\/rasoir-de-callosites-et-baume-de-guerison-ensemble-ultime\/"},"modified":"2026-04-14T22:45:55","modified_gmt":"2026-04-15T03:45:55","slug":"callus-razor-and-healing-balm-ultimate-set","status":"publish","type":"product","link":"https:\/\/komprabootcamp.ca\/en\/product\/rasoir-de-callosites-et-baume-de-guerison-ensemble-ultime\/","title":{"rendered":"Callus shaver and healing balm - Ultimate set"},"content":{"rendered":"<p>An excellent combination of our callus products, proven to keep your calluses under control:<\/p>\n<p><\/p>\n<p>1x callus razor<\/p>\n<p>1x callus healing balm<\/p>\n<p>\u00a0<\/p>\n<p>Callus Care: A two-headed tool for professional callus management. One tip, with its patented stainless steel blade, cuts through stubborn callus build-up, and the lower end smoothes rough edges, leaving you with manageable, good-sized calluses.<\/p>\n<p><\/p>\n<p>Healing balm: made from all-natural, organic ingredients, the ointment helps speed up the healing process and keep your hands moisturized.<\/p>","protected":false},"excerpt":{"rendered":"<p>Une excellente combinaison de nos produits contre les callosit\u00e9s, \u00e9prouv\u00e9s pour garder vos callosit\u00e9s sous contr\u00f4le : 1x rasoir de callosit\u00e9s 1x baume de gu\u00e9rison contre les callosit\u00e9s \u00a0 Callus Care : Un outil \u00e0 deux t\u00eates pour g\u00e9rer vos [&hellip;]<\/p>\n","protected":false},"featured_media":11719,"comment_status":"open","ping_status":"closed","template":"","meta":{"_monsterinsights_skip_tracking":false,"_monsterinsights_sitenote_active":false,"_monsterinsights_sitenote_note":"","_monsterinsights_sitenote_category":0},"product_brand":[],"product_cat":[189],"product_tag":[],"class_list":{"0":"post-11718","1":"product","2":"type-product","3":"status-publish","4":"has-post-thumbnail","6":"product_cat-accessoires","8":"first","9":"instock","10":"featured","11":"taxable","12":"shipping-taxable","13":"purchasable","14":"product-type-simple"},"yoast_head":"<!-- This site is optimized with the Yoast SEO plugin v27.4 - https:\/\/yoast.com\/product\/yoast-seo-wordpress\/ -->\n<title>Rasoir de callosit\u00e9s et baume de gu\u00e9rison - Ensemble ultime - Kompra Bootcamp \u2022 Sainte-Julie | Bootcamp \u2022 Hybride \u2022 Obstacles \u2022 F\u00eates d&#039;enfants<\/title>\n<meta name=\"robots\" content=\"index, follow, max-snippet:-1, max-image-preview:large, max-video-preview:-1\" \/>\n<link rel=\"canonical\" href=\"https:\/\/komprabootcamp.ca\/en\/product\/callus-razor-and-healing-balm-ultimate-set\/\" \/>\n<meta property=\"og:locale\" content=\"en_US\" \/>\n<meta property=\"og:type\" content=\"article\" \/>\n<meta property=\"og:title\" content=\"Rasoir de callosit\u00e9s et baume de gu\u00e9rison - Ensemble ultime - Kompra Bootcamp \u2022 Sainte-Julie | Bootcamp \u2022 Hybride \u2022 Obstacles \u2022 F\u00eates d&#039;enfants\" \/>\n<meta property=\"og:description\" content=\"Une excellente combinaison de nos produits contre les callosit\u00e9s, \u00e9prouv\u00e9s pour garder vos callosit\u00e9s sous contr\u00f4le : 1x rasoir de callosit\u00e9s 1x baume de gu\u00e9rison contre les callosit\u00e9s \u00a0 Callus Care : Un outil \u00e0 deux t\u00eates pour g\u00e9rer vos [&hellip;]\" \/>\n<meta property=\"og:url\" content=\"https:\/\/komprabootcamp.ca\/en\/product\/callus-razor-and-healing-balm-ultimate-set\/\" \/>\n<meta property=\"og:site_name\" content=\"Kompra Bootcamp \u2022 Sainte-Julie | Bootcamp \u2022 Hybride \u2022 Obstacles \u2022 F\u00eates d&#039;enfants\" \/>\n<meta property=\"article:publisher\" content=\"https:\/\/facebook.com\/komprabootcamp.ca\" \/>\n<meta property=\"article:modified_time\" content=\"2026-04-15T03:45:55+00:00\" \/>\n<meta property=\"og:image\" content=\"https:\/\/komprabootcamp.ca\/wp-content\/uploads\/2025\/03\/original-4.jpeg\" \/>\n\t<meta property=\"og:image:width\" content=\"1500\" \/>\n\t<meta property=\"og:image:height\" content=\"1500\" \/>\n\t<meta property=\"og:image:type\" content=\"image\/jpeg\" \/>\n<meta name=\"twitter:card\" content=\"summary_large_image\" \/>\n<meta name=\"twitter:label1\" content=\"Est. reading time\" \/>\n\t<meta name=\"twitter:data1\" content=\"1 minute\" \/>\n<script type=\"application\/ld+json\" class=\"yoast-schema-graph\">{\"@context\":\"https:\\\/\\\/schema.org\",\"@graph\":[{\"@type\":\"WebPage\",\"@id\":\"https:\\\/\\\/komprabootcamp.ca\\\/product\\\/rasoir-de-callosites-et-baume-de-guerison-ensemble-ultime\\\/\",\"url\":\"https:\\\/\\\/komprabootcamp.ca\\\/product\\\/rasoir-de-callosites-et-baume-de-guerison-ensemble-ultime\\\/\",\"name\":\"Rasoir de callosit\u00e9s et baume de gu\u00e9rison - Ensemble ultime - Kompra Bootcamp \u2022 Sainte-Julie | Bootcamp \u2022 Hybride \u2022 Obstacles \u2022 F\u00eates d&#039;enfants\",\"isPartOf\":{\"@id\":\"https:\\\/\\\/komprabootcamp.ca\\\/#website\"},\"primaryImageOfPage\":{\"@id\":\"https:\\\/\\\/komprabootcamp.ca\\\/product\\\/rasoir-de-callosites-et-baume-de-guerison-ensemble-ultime\\\/#primaryimage\"},\"image\":{\"@id\":\"https:\\\/\\\/komprabootcamp.ca\\\/product\\\/rasoir-de-callosites-et-baume-de-guerison-ensemble-ultime\\\/#primaryimage\"},\"thumbnailUrl\":\"https:\\\/\\\/komprabootcamp.ca\\\/wp-content\\\/uploads\\\/2025\\\/03\\\/original-4.jpeg\",\"datePublished\":\"2025-03-09T14:17:22+00:00\",\"dateModified\":\"2026-04-15T03:45:55+00:00\",\"breadcrumb\":{\"@id\":\"https:\\\/\\\/komprabootcamp.ca\\\/product\\\/rasoir-de-callosites-et-baume-de-guerison-ensemble-ultime\\\/#breadcrumb\"},\"inLanguage\":\"en-CA\",\"potentialAction\":[{\"@type\":\"ReadAction\",\"target\":[\"https:\\\/\\\/komprabootcamp.ca\\\/product\\\/rasoir-de-callosites-et-baume-de-guerison-ensemble-ultime\\\/\"]}]},{\"@type\":\"ImageObject\",\"inLanguage\":\"en-CA\",\"@id\":\"https:\\\/\\\/komprabootcamp.ca\\\/product\\\/rasoir-de-callosites-et-baume-de-guerison-ensemble-ultime\\\/#primaryimage\",\"url\":\"https:\\\/\\\/komprabootcamp.ca\\\/wp-content\\\/uploads\\\/2025\\\/03\\\/original-4.jpeg\",\"contentUrl\":\"https:\\\/\\\/komprabootcamp.ca\\\/wp-content\\\/uploads\\\/2025\\\/03\\\/original-4.jpeg\",\"width\":1500,\"height\":1500},{\"@type\":\"BreadcrumbList\",\"@id\":\"https:\\\/\\\/komprabootcamp.ca\\\/product\\\/rasoir-de-callosites-et-baume-de-guerison-ensemble-ultime\\\/#breadcrumb\",\"itemListElement\":[{\"@type\":\"ListItem\",\"position\":1,\"name\":\"Home\",\"item\":\"https:\\\/\\\/komprabootcamp.ca\\\/\"},{\"@type\":\"ListItem\",\"position\":2,\"name\":\"Shop\",\"item\":\"https:\\\/\\\/komprabootcamp.ca\\\/?page_id=12\"},{\"@type\":\"ListItem\",\"position\":3,\"name\":\"Rasoir de callosit\u00e9s et baume de gu\u00e9rison &#8211; Ensemble ultime\"}]},{\"@type\":\"WebSite\",\"@id\":\"https:\\\/\\\/komprabootcamp.ca\\\/#website\",\"url\":\"https:\\\/\\\/komprabootcamp.ca\\\/\",\"name\":\"komprabootcamp.ca\",\"description\":\"Entra\u00eenement bootcamp \u00e0 Sainte-Julie \u2022 Sans contrat et sans abonnement\",\"publisher\":{\"@id\":\"https:\\\/\\\/komprabootcamp.ca\\\/#organization\"},\"potentialAction\":[{\"@type\":\"SearchAction\",\"target\":{\"@type\":\"EntryPoint\",\"urlTemplate\":\"https:\\\/\\\/komprabootcamp.ca\\\/?s={search_term_string}\"},\"query-input\":{\"@type\":\"PropertyValueSpecification\",\"valueRequired\":true,\"valueName\":\"search_term_string\"}}],\"inLanguage\":\"en-CA\"},{\"@type\":\"Organization\",\"@id\":\"https:\\\/\\\/komprabootcamp.ca\\\/#organization\",\"name\":\"SpartanFit \u2022 Sainte-Julie\",\"url\":\"https:\\\/\\\/komprabootcamp.ca\\\/\",\"logo\":{\"@type\":\"ImageObject\",\"inLanguage\":\"en-CA\",\"@id\":\"https:\\\/\\\/komprabootcamp.ca\\\/#\\\/schema\\\/logo\\\/image\\\/\",\"url\":\"https:\\\/\\\/komprabootcamp.ca\\\/wp-content\\\/uploads\\\/2024\\\/07\\\/spartan_fit-logo_long_name_no_rectangle-4000px.png\",\"contentUrl\":\"https:\\\/\\\/komprabootcamp.ca\\\/wp-content\\\/uploads\\\/2024\\\/07\\\/spartan_fit-logo_long_name_no_rectangle-4000px.png\",\"width\":1920,\"height\":403,\"caption\":\"SpartanFit \u2022 Sainte-Julie\"},\"image\":{\"@id\":\"https:\\\/\\\/komprabootcamp.ca\\\/#\\\/schema\\\/logo\\\/image\\\/\"},\"sameAs\":[\"https:\\\/\\\/facebook.com\\\/komprabootcamp.ca\",\"https:\\\/\\\/instagram.com\\\/komprabootcamp.ca\",\"https:\\\/\\\/www.youtube.com\\\/@spartanfit\",\"https:\\\/\\\/www.tiktok.com\\\/@komprabootcamp.ca\"]}]}<\/script>\n<!-- \/ Yoast SEO plugin. -->","yoast_head_json":{"title":"Callus Razor and Healing Balm - Ultimate Set - Kompra Bootcamp - Sainte-Julie | Bootcamp - Hybrid - Obstacles - Children's parties","robots":{"index":"index","follow":"follow","max-snippet":"max-snippet:-1","max-image-preview":"max-image-preview:large","max-video-preview":"max-video-preview:-1"},"canonical":"https:\/\/komprabootcamp.ca\/en\/product\/callus-razor-and-healing-balm-ultimate-set\/","og_locale":"en_US","og_type":"article","og_title":"Rasoir de callosit\u00e9s et baume de gu\u00e9rison - Ensemble ultime - Kompra Bootcamp \u2022 Sainte-Julie | Bootcamp \u2022 Hybride \u2022 Obstacles \u2022 F\u00eates d&#039;enfants","og_description":"Une excellente combinaison de nos produits contre les callosit\u00e9s, \u00e9prouv\u00e9s pour garder vos callosit\u00e9s sous contr\u00f4le : 1x rasoir de callosit\u00e9s 1x baume de gu\u00e9rison contre les callosit\u00e9s \u00a0 Callus Care : Un outil \u00e0 deux t\u00eates pour g\u00e9rer vos [&hellip;]","og_url":"https:\/\/komprabootcamp.ca\/en\/product\/callus-razor-and-healing-balm-ultimate-set\/","og_site_name":"Kompra Bootcamp \u2022 Sainte-Julie | Bootcamp \u2022 Hybride \u2022 Obstacles \u2022 F\u00eates d&#039;enfants","article_publisher":"https:\/\/facebook.com\/komprabootcamp.ca","article_modified_time":"2026-04-15T03:45:55+00:00","og_image":[{"width":1500,"height":1500,"url":"https:\/\/komprabootcamp.ca\/wp-content\/uploads\/2025\/03\/original-4.jpeg","type":"image\/jpeg"}],"twitter_card":"summary_large_image","twitter_misc":{"Est. reading time":"1 minute"},"schema":{"@context":"https:\/\/schema.org","@graph":[{"@type":"WebPage","@id":"https:\/\/komprabootcamp.ca\/product\/rasoir-de-callosites-et-baume-de-guerison-ensemble-ultime\/","url":"https:\/\/komprabootcamp.ca\/product\/rasoir-de-callosites-et-baume-de-guerison-ensemble-ultime\/","name":"Callus Razor and Healing Balm - Ultimate Set - Kompra Bootcamp - Sainte-Julie | Bootcamp - Hybrid - Obstacles - Children's parties","isPartOf":{"@id":"https:\/\/komprabootcamp.ca\/#website"},"primaryImageOfPage":{"@id":"https:\/\/komprabootcamp.ca\/product\/rasoir-de-callosites-et-baume-de-guerison-ensemble-ultime\/#primaryimage"},"image":{"@id":"https:\/\/komprabootcamp.ca\/product\/rasoir-de-callosites-et-baume-de-guerison-ensemble-ultime\/#primaryimage"},"thumbnailUrl":"https:\/\/komprabootcamp.ca\/wp-content\/uploads\/2025\/03\/original-4.jpeg","datePublished":"2025-03-09T14:17:22+00:00","dateModified":"2026-04-15T03:45:55+00:00","breadcrumb":{"@id":"https:\/\/komprabootcamp.ca\/product\/rasoir-de-callosites-et-baume-de-guerison-ensemble-ultime\/#breadcrumb"},"inLanguage":"en-CA","potentialAction":[{"@type":"ReadAction","target":["https:\/\/komprabootcamp.ca\/product\/rasoir-de-callosites-et-baume-de-guerison-ensemble-ultime\/"]}]},{"@type":"ImageObject","inLanguage":"en-CA","@id":"https:\/\/komprabootcamp.ca\/product\/rasoir-de-callosites-et-baume-de-guerison-ensemble-ultime\/#primaryimage","url":"https:\/\/komprabootcamp.ca\/wp-content\/uploads\/2025\/03\/original-4.jpeg","contentUrl":"https:\/\/komprabootcamp.ca\/wp-content\/uploads\/2025\/03\/original-4.jpeg","width":1500,"height":1500},{"@type":"BreadcrumbList","@id":"https:\/\/komprabootcamp.ca\/product\/rasoir-de-callosites-et-baume-de-guerison-ensemble-ultime\/#breadcrumb","itemListElement":[{"@type":"ListItem","position":1,"name":"Home","item":"https:\/\/komprabootcamp.ca\/"},{"@type":"ListItem","position":2,"name":"Shop","item":"https:\/\/komprabootcamp.ca\/?page_id=12"},{"@type":"ListItem","position":3,"name":"Rasoir de callosit\u00e9s et baume de gu\u00e9rison &#8211; Ensemble ultime"}]},{"@type":"WebSite","@id":"https:\/\/komprabootcamp.ca\/#website","url":"https:\/\/komprabootcamp.ca\/","name":"komprabootcamp.ca","description":"Bootcamp training in Sainte-Julie - No contract, no membership","publisher":{"@id":"https:\/\/komprabootcamp.ca\/#organization"},"potentialAction":[{"@type":"SearchAction","target":{"@type":"EntryPoint","urlTemplate":"https:\/\/komprabootcamp.ca\/?s={search_term_string}"},"query-input":{"@type":"PropertyValueSpecification","valueRequired":true,"valueName":"search_term_string"}}],"inLanguage":"en-CA"},{"@type":"Organization","@id":"https:\/\/komprabootcamp.ca\/#organization","name":"SpartanFit - Sainte-Julie","url":"https:\/\/komprabootcamp.ca\/","logo":{"@type":"ImageObject","inLanguage":"en-CA","@id":"https:\/\/komprabootcamp.ca\/#\/schema\/logo\/image\/","url":"https:\/\/komprabootcamp.ca\/wp-content\/uploads\/2024\/07\/spartan_fit-logo_long_name_no_rectangle-4000px.png","contentUrl":"https:\/\/komprabootcamp.ca\/wp-content\/uploads\/2024\/07\/spartan_fit-logo_long_name_no_rectangle-4000px.png","width":1920,"height":403,"caption":"SpartanFit \u2022 Sainte-Julie"},"image":{"@id":"https:\/\/komprabootcamp.ca\/#\/schema\/logo\/image\/"},"sameAs":["https:\/\/facebook.com\/komprabootcamp.ca","https:\/\/instagram.com\/komprabootcamp.ca","https:\/\/www.youtube.com\/@spartanfit","https:\/\/www.tiktok.com\/@komprabootcamp.ca"]}]}},"_links":{"self":[{"href":"https:\/\/komprabootcamp.ca\/en\/wp-json\/wp\/v2\/product\/11718","targetHints":{"allow":["GET"]}}],"collection":[{"href":"https:\/\/komprabootcamp.ca\/en\/wp-json\/wp\/v2\/product"}],"about":[{"href":"https:\/\/komprabootcamp.ca\/en\/wp-json\/wp\/v2\/types\/product"}],"replies":[{"embeddable":true,"href":"https:\/\/komprabootcamp.ca\/en\/wp-json\/wp\/v2\/comments?post=11718"}],"version-history":[{"count":0,"href":"https:\/\/komprabootcamp.ca\/en\/wp-json\/wp\/v2\/product\/11718\/revisions"}],"wp:featuredmedia":[{"embeddable":true,"href":"https:\/\/komprabootcamp.ca\/en\/wp-json\/wp\/v2\/media\/11719"}],"wp:attachment":[{"href":"https:\/\/komprabootcamp.ca\/en\/wp-json\/wp\/v2\/media?parent=11718"}],"wp:term":[{"taxonomy":"product_brand","embeddable":true,"href":"https:\/\/komprabootcamp.ca\/en\/wp-json\/wp\/v2\/product_brand?post=11718"},{"taxonomy":"product_cat","embeddable":true,"href":"https:\/\/komprabootcamp.ca\/en\/wp-json\/wp\/v2\/product_cat?post=11718"},{"taxonomy":"product_tag","embeddable":true,"href":"https:\/\/komprabootcamp.ca\/en\/wp-json\/wp\/v2\/product_tag?post=11718"}],"curies":[{"name":"wp","href":"https:\/\/api.w.org\/{rel}","templated":true}]}}