{"id":11712,"date":"2025-03-09T09:16:59","date_gmt":"2025-03-09T14:16:59","guid":{"rendered":"https:\/\/komprabootcamp.ca\/product\/craie-liquide\/"},"modified":"2026-04-14T22:45:54","modified_gmt":"2026-04-15T03:45:54","slug":"liquid-chalk","status":"publish","type":"product","link":"https:\/\/komprabootcamp.ca\/en\/product\/craie-liquide\/","title":{"rendered":"Liquid chalk"},"content":{"rendered":"<p>Hammer Grip's Phantom clear liquid chalk has a clear, long-lasting, moisture-resistant, mess-free grip.<\/p>\n<p>This specialized formula offers moderate-to-strong grip for sweaty activities.<\/p>\n<p>Put a small amount (we recommend using a pea-sized drop) between the palms of your hands, spread gently all over the palm and around areas that need grip, then simply leave to air-dry for 5-10 seconds.<\/p>\n<p>The high-quality formula is long-lasting and does not require constant reapplication.<\/p>\n<p>Phantom clear liquid chalk contains a perfect balance of ingredients with fast-drying characteristics, leaving a highly adhesive product on your palms offering long-lasting grip for your activity.<\/p>\n<p>Phantom chalk leaves no residue, perfect for training centers that want to keep their equipment clean.<\/p>\n<p>Stop worrying about slipping and concentrate on your challenge!<\/p>","protected":false},"excerpt":{"rendered":"<p>La craie liquide transparente Phantom de Hammer Grip est dot\u00e9e d&#039;une adh\u00e9rence transparente, durable, r\u00e9sistante \u00e0 l&#039;humidit\u00e9 et sans d\u00e9g\u00e2ts. Cette formule sp\u00e9cialis\u00e9e offre une adh\u00e9rence mod\u00e9r\u00e9e \u00e0 forte pour les activit\u00e9s qui produisent beaucoup de transpiration. Mettez une petite [&hellip;]<\/p>\n","protected":false},"featured_media":11713,"comment_status":"open","ping_status":"closed","template":"","meta":{"_monsterinsights_skip_tracking":false,"_monsterinsights_sitenote_active":false,"_monsterinsights_sitenote_note":"","_monsterinsights_sitenote_category":0},"product_brand":[],"product_cat":[189],"product_tag":[],"class_list":{"0":"post-11712","1":"product","2":"type-product","3":"status-publish","4":"has-post-thumbnail","6":"product_cat-accessoires","8":"first","9":"outofstock","10":"featured","11":"taxable","12":"shipping-taxable","13":"purchasable","14":"product-type-simple"},"yoast_head":"<!-- This site is optimized with the Yoast SEO plugin v27.4 - https:\/\/yoast.com\/product\/yoast-seo-wordpress\/ -->\n<title>Craie liquide - Kompra Bootcamp \u2022 Sainte-Julie | Bootcamp \u2022 Hybride \u2022 Obstacles \u2022 F\u00eates d&#039;enfants<\/title>\n<meta name=\"robots\" content=\"index, follow, max-snippet:-1, max-image-preview:large, max-video-preview:-1\" \/>\n<link rel=\"canonical\" href=\"https:\/\/komprabootcamp.ca\/en\/product\/liquid-chalk\/\" \/>\n<meta property=\"og:locale\" content=\"en_US\" \/>\n<meta property=\"og:type\" content=\"article\" \/>\n<meta property=\"og:title\" content=\"Craie liquide - Kompra Bootcamp \u2022 Sainte-Julie | Bootcamp \u2022 Hybride \u2022 Obstacles \u2022 F\u00eates d&#039;enfants\" \/>\n<meta property=\"og:description\" content=\"La craie liquide transparente Phantom de Hammer Grip est dot\u00e9e d&#039;une adh\u00e9rence transparente, durable, r\u00e9sistante \u00e0 l&#039;humidit\u00e9 et sans d\u00e9g\u00e2ts. Cette formule sp\u00e9cialis\u00e9e offre une adh\u00e9rence mod\u00e9r\u00e9e \u00e0 forte pour les activit\u00e9s qui produisent beaucoup de transpiration. Mettez une petite [&hellip;]\" \/>\n<meta property=\"og:url\" content=\"https:\/\/komprabootcamp.ca\/en\/product\/liquid-chalk\/\" \/>\n<meta property=\"og:site_name\" content=\"Kompra Bootcamp \u2022 Sainte-Julie | Bootcamp \u2022 Hybride \u2022 Obstacles \u2022 F\u00eates d&#039;enfants\" \/>\n<meta property=\"article:publisher\" content=\"https:\/\/facebook.com\/komprabootcamp.ca\" \/>\n<meta property=\"article:modified_time\" content=\"2026-04-15T03:45:54+00:00\" \/>\n<meta property=\"og:image\" content=\"https:\/\/komprabootcamp.ca\/wp-content\/uploads\/2025\/03\/original-2.jpeg\" \/>\n\t<meta property=\"og:image:width\" content=\"2560\" \/>\n\t<meta property=\"og:image:height\" content=\"2560\" \/>\n\t<meta property=\"og:image:type\" content=\"image\/jpeg\" \/>\n<meta name=\"twitter:card\" content=\"summary_large_image\" \/>\n<meta name=\"twitter:label1\" content=\"Est. reading time\" \/>\n\t<meta name=\"twitter:data1\" content=\"1 minute\" \/>\n<script type=\"application\/ld+json\" class=\"yoast-schema-graph\">{\"@context\":\"https:\\\/\\\/schema.org\",\"@graph\":[{\"@type\":\"WebPage\",\"@id\":\"https:\\\/\\\/komprabootcamp.ca\\\/product\\\/craie-liquide\\\/\",\"url\":\"https:\\\/\\\/komprabootcamp.ca\\\/product\\\/craie-liquide\\\/\",\"name\":\"Craie liquide - Kompra Bootcamp \u2022 Sainte-Julie | Bootcamp \u2022 Hybride \u2022 Obstacles \u2022 F\u00eates d&#039;enfants\",\"isPartOf\":{\"@id\":\"https:\\\/\\\/komprabootcamp.ca\\\/#website\"},\"primaryImageOfPage\":{\"@id\":\"https:\\\/\\\/komprabootcamp.ca\\\/product\\\/craie-liquide\\\/#primaryimage\"},\"image\":{\"@id\":\"https:\\\/\\\/komprabootcamp.ca\\\/product\\\/craie-liquide\\\/#primaryimage\"},\"thumbnailUrl\":\"https:\\\/\\\/komprabootcamp.ca\\\/wp-content\\\/uploads\\\/2025\\\/03\\\/original-2.jpeg\",\"datePublished\":\"2025-03-09T14:16:59+00:00\",\"dateModified\":\"2026-04-15T03:45:54+00:00\",\"breadcrumb\":{\"@id\":\"https:\\\/\\\/komprabootcamp.ca\\\/product\\\/craie-liquide\\\/#breadcrumb\"},\"inLanguage\":\"en-CA\",\"potentialAction\":[{\"@type\":\"ReadAction\",\"target\":[\"https:\\\/\\\/komprabootcamp.ca\\\/product\\\/craie-liquide\\\/\"]}]},{\"@type\":\"ImageObject\",\"inLanguage\":\"en-CA\",\"@id\":\"https:\\\/\\\/komprabootcamp.ca\\\/product\\\/craie-liquide\\\/#primaryimage\",\"url\":\"https:\\\/\\\/komprabootcamp.ca\\\/wp-content\\\/uploads\\\/2025\\\/03\\\/original-2.jpeg\",\"contentUrl\":\"https:\\\/\\\/komprabootcamp.ca\\\/wp-content\\\/uploads\\\/2025\\\/03\\\/original-2.jpeg\",\"width\":2560,\"height\":2560},{\"@type\":\"BreadcrumbList\",\"@id\":\"https:\\\/\\\/komprabootcamp.ca\\\/product\\\/craie-liquide\\\/#breadcrumb\",\"itemListElement\":[{\"@type\":\"ListItem\",\"position\":1,\"name\":\"Home\",\"item\":\"https:\\\/\\\/komprabootcamp.ca\\\/\"},{\"@type\":\"ListItem\",\"position\":2,\"name\":\"Shop\",\"item\":\"https:\\\/\\\/komprabootcamp.ca\\\/?page_id=12\"},{\"@type\":\"ListItem\",\"position\":3,\"name\":\"Craie liquide\"}]},{\"@type\":\"WebSite\",\"@id\":\"https:\\\/\\\/komprabootcamp.ca\\\/#website\",\"url\":\"https:\\\/\\\/komprabootcamp.ca\\\/\",\"name\":\"komprabootcamp.ca\",\"description\":\"Entra\u00eenement bootcamp \u00e0 Sainte-Julie \u2022 Sans contrat et sans abonnement\",\"publisher\":{\"@id\":\"https:\\\/\\\/komprabootcamp.ca\\\/#organization\"},\"potentialAction\":[{\"@type\":\"SearchAction\",\"target\":{\"@type\":\"EntryPoint\",\"urlTemplate\":\"https:\\\/\\\/komprabootcamp.ca\\\/?s={search_term_string}\"},\"query-input\":{\"@type\":\"PropertyValueSpecification\",\"valueRequired\":true,\"valueName\":\"search_term_string\"}}],\"inLanguage\":\"en-CA\"},{\"@type\":\"Organization\",\"@id\":\"https:\\\/\\\/komprabootcamp.ca\\\/#organization\",\"name\":\"SpartanFit \u2022 Sainte-Julie\",\"url\":\"https:\\\/\\\/komprabootcamp.ca\\\/\",\"logo\":{\"@type\":\"ImageObject\",\"inLanguage\":\"en-CA\",\"@id\":\"https:\\\/\\\/komprabootcamp.ca\\\/#\\\/schema\\\/logo\\\/image\\\/\",\"url\":\"https:\\\/\\\/komprabootcamp.ca\\\/wp-content\\\/uploads\\\/2024\\\/07\\\/spartan_fit-logo_long_name_no_rectangle-4000px.png\",\"contentUrl\":\"https:\\\/\\\/komprabootcamp.ca\\\/wp-content\\\/uploads\\\/2024\\\/07\\\/spartan_fit-logo_long_name_no_rectangle-4000px.png\",\"width\":1920,\"height\":403,\"caption\":\"SpartanFit \u2022 Sainte-Julie\"},\"image\":{\"@id\":\"https:\\\/\\\/komprabootcamp.ca\\\/#\\\/schema\\\/logo\\\/image\\\/\"},\"sameAs\":[\"https:\\\/\\\/facebook.com\\\/komprabootcamp.ca\",\"https:\\\/\\\/instagram.com\\\/komprabootcamp.ca\",\"https:\\\/\\\/www.youtube.com\\\/@spartanfit\",\"https:\\\/\\\/www.tiktok.com\\\/@komprabootcamp.ca\"]}]}<\/script>\n<!-- \/ Yoast SEO plugin. -->","yoast_head_json":{"title":"Liquid Chalk - Kompra Bootcamp - Sainte-Julie | Bootcamp - Hybrid - Obstacles - Children's parties","robots":{"index":"index","follow":"follow","max-snippet":"max-snippet:-1","max-image-preview":"max-image-preview:large","max-video-preview":"max-video-preview:-1"},"canonical":"https:\/\/komprabootcamp.ca\/en\/product\/liquid-chalk\/","og_locale":"en_US","og_type":"article","og_title":"Craie liquide - Kompra Bootcamp \u2022 Sainte-Julie | Bootcamp \u2022 Hybride \u2022 Obstacles \u2022 F\u00eates d&#039;enfants","og_description":"La craie liquide transparente Phantom de Hammer Grip est dot\u00e9e d&#039;une adh\u00e9rence transparente, durable, r\u00e9sistante \u00e0 l&#039;humidit\u00e9 et sans d\u00e9g\u00e2ts. Cette formule sp\u00e9cialis\u00e9e offre une adh\u00e9rence mod\u00e9r\u00e9e \u00e0 forte pour les activit\u00e9s qui produisent beaucoup de transpiration. Mettez une petite [&hellip;]","og_url":"https:\/\/komprabootcamp.ca\/en\/product\/liquid-chalk\/","og_site_name":"Kompra Bootcamp \u2022 Sainte-Julie | Bootcamp \u2022 Hybride \u2022 Obstacles \u2022 F\u00eates d&#039;enfants","article_publisher":"https:\/\/facebook.com\/komprabootcamp.ca","article_modified_time":"2026-04-15T03:45:54+00:00","og_image":[{"width":2560,"height":2560,"url":"https:\/\/komprabootcamp.ca\/wp-content\/uploads\/2025\/03\/original-2.jpeg","type":"image\/jpeg"}],"twitter_card":"summary_large_image","twitter_misc":{"Est. reading time":"1 minute"},"schema":{"@context":"https:\/\/schema.org","@graph":[{"@type":"WebPage","@id":"https:\/\/komprabootcamp.ca\/product\/craie-liquide\/","url":"https:\/\/komprabootcamp.ca\/product\/craie-liquide\/","name":"Liquid Chalk - Kompra Bootcamp - Sainte-Julie | Bootcamp - Hybrid - Obstacles - Children's parties","isPartOf":{"@id":"https:\/\/komprabootcamp.ca\/#website"},"primaryImageOfPage":{"@id":"https:\/\/komprabootcamp.ca\/product\/craie-liquide\/#primaryimage"},"image":{"@id":"https:\/\/komprabootcamp.ca\/product\/craie-liquide\/#primaryimage"},"thumbnailUrl":"https:\/\/komprabootcamp.ca\/wp-content\/uploads\/2025\/03\/original-2.jpeg","datePublished":"2025-03-09T14:16:59+00:00","dateModified":"2026-04-15T03:45:54+00:00","breadcrumb":{"@id":"https:\/\/komprabootcamp.ca\/product\/craie-liquide\/#breadcrumb"},"inLanguage":"en-CA","potentialAction":[{"@type":"ReadAction","target":["https:\/\/komprabootcamp.ca\/product\/craie-liquide\/"]}]},{"@type":"ImageObject","inLanguage":"en-CA","@id":"https:\/\/komprabootcamp.ca\/product\/craie-liquide\/#primaryimage","url":"https:\/\/komprabootcamp.ca\/wp-content\/uploads\/2025\/03\/original-2.jpeg","contentUrl":"https:\/\/komprabootcamp.ca\/wp-content\/uploads\/2025\/03\/original-2.jpeg","width":2560,"height":2560},{"@type":"BreadcrumbList","@id":"https:\/\/komprabootcamp.ca\/product\/craie-liquide\/#breadcrumb","itemListElement":[{"@type":"ListItem","position":1,"name":"Home","item":"https:\/\/komprabootcamp.ca\/"},{"@type":"ListItem","position":2,"name":"Shop","item":"https:\/\/komprabootcamp.ca\/?page_id=12"},{"@type":"ListItem","position":3,"name":"Craie liquide"}]},{"@type":"WebSite","@id":"https:\/\/komprabootcamp.ca\/#website","url":"https:\/\/komprabootcamp.ca\/","name":"komprabootcamp.ca","description":"Bootcamp training in Sainte-Julie - No contract, no membership","publisher":{"@id":"https:\/\/komprabootcamp.ca\/#organization"},"potentialAction":[{"@type":"SearchAction","target":{"@type":"EntryPoint","urlTemplate":"https:\/\/komprabootcamp.ca\/?s={search_term_string}"},"query-input":{"@type":"PropertyValueSpecification","valueRequired":true,"valueName":"search_term_string"}}],"inLanguage":"en-CA"},{"@type":"Organization","@id":"https:\/\/komprabootcamp.ca\/#organization","name":"SpartanFit - Sainte-Julie","url":"https:\/\/komprabootcamp.ca\/","logo":{"@type":"ImageObject","inLanguage":"en-CA","@id":"https:\/\/komprabootcamp.ca\/#\/schema\/logo\/image\/","url":"https:\/\/komprabootcamp.ca\/wp-content\/uploads\/2024\/07\/spartan_fit-logo_long_name_no_rectangle-4000px.png","contentUrl":"https:\/\/komprabootcamp.ca\/wp-content\/uploads\/2024\/07\/spartan_fit-logo_long_name_no_rectangle-4000px.png","width":1920,"height":403,"caption":"SpartanFit \u2022 Sainte-Julie"},"image":{"@id":"https:\/\/komprabootcamp.ca\/#\/schema\/logo\/image\/"},"sameAs":["https:\/\/facebook.com\/komprabootcamp.ca","https:\/\/instagram.com\/komprabootcamp.ca","https:\/\/www.youtube.com\/@spartanfit","https:\/\/www.tiktok.com\/@komprabootcamp.ca"]}]}},"_links":{"self":[{"href":"https:\/\/komprabootcamp.ca\/en\/wp-json\/wp\/v2\/product\/11712","targetHints":{"allow":["GET"]}}],"collection":[{"href":"https:\/\/komprabootcamp.ca\/en\/wp-json\/wp\/v2\/product"}],"about":[{"href":"https:\/\/komprabootcamp.ca\/en\/wp-json\/wp\/v2\/types\/product"}],"replies":[{"embeddable":true,"href":"https:\/\/komprabootcamp.ca\/en\/wp-json\/wp\/v2\/comments?post=11712"}],"version-history":[{"count":1,"href":"https:\/\/komprabootcamp.ca\/en\/wp-json\/wp\/v2\/product\/11712\/revisions"}],"predecessor-version":[{"id":14619,"href":"https:\/\/komprabootcamp.ca\/en\/wp-json\/wp\/v2\/product\/11712\/revisions\/14619"}],"wp:featuredmedia":[{"embeddable":true,"href":"https:\/\/komprabootcamp.ca\/en\/wp-json\/wp\/v2\/media\/11713"}],"wp:attachment":[{"href":"https:\/\/komprabootcamp.ca\/en\/wp-json\/wp\/v2\/media?parent=11712"}],"wp:term":[{"taxonomy":"product_brand","embeddable":true,"href":"https:\/\/komprabootcamp.ca\/en\/wp-json\/wp\/v2\/product_brand?post=11712"},{"taxonomy":"product_cat","embeddable":true,"href":"https:\/\/komprabootcamp.ca\/en\/wp-json\/wp\/v2\/product_cat?post=11712"},{"taxonomy":"product_tag","embeddable":true,"href":"https:\/\/komprabootcamp.ca\/en\/wp-json\/wp\/v2\/product_tag?post=11712"}],"curies":[{"name":"wp","href":"https:\/\/api.w.org\/{rel}","templated":true}]}}