{"id":11705,"date":"2025-03-09T14:16:53","date_gmt":"2025-03-09T14:16:53","guid":{"rendered":"https:\/\/komprabootcamp.ca\/product\/bouteille-reutilisable\/"},"modified":"2026-04-14T22:45:53","modified_gmt":"2026-04-15T03:45:53","slug":"reusable-bottle","status":"publish","type":"product","link":"https:\/\/komprabootcamp.ca\/en\/product\/bouteille-reutilisable\/","title":{"rendered":"Reusable bottle"},"content":{"rendered":"<p>Hydrate like a SnakeHead during your workouts with our superb reusable bottle in a modern design!<\/p>\n<p>Hermetically sealed 700ml model made from robust, BPA-free, eco-responsible plastic with side gradations and protrusions to improve bottle grip. Non-drip cap and removable mixer-pasteur included.<\/p>\n<p><\/p>\n<p>You've found the perfect article for preparing your post-workout protein shake!<\/p>","protected":false},"excerpt":{"rendered":"<p>Hydrate-toi comme un(e) SnakeHead pendant tes workouts avec notre superbe bouteille r\u00e9utilisable au design moderne ! Mod\u00e8le herm\u00e9tique de 700ml fabriqu\u00e9 d&#39;un plastique \u00e9co-responsable sans BPA robuste avec gradations lat\u00e9rales et saillies am\u00e9liorant l&#39;emprise de la bouteille. Bouchon-capsule sans \u00e9coulement [&hellip;]<\/p>\n","protected":false},"featured_media":11706,"comment_status":"open","ping_status":"closed","template":"","meta":{"_monsterinsights_skip_tracking":false,"_monsterinsights_sitenote_active":false,"_monsterinsights_sitenote_note":"","_monsterinsights_sitenote_category":0},"product_brand":[],"product_cat":[189],"product_tag":[],"class_list":{"0":"post-11705","1":"product","2":"type-product","3":"status-publish","4":"has-post-thumbnail","6":"product_cat-accessoires","8":"first","9":"instock","10":"taxable","11":"shipping-taxable","12":"purchasable","13":"product-type-simple"},"yoast_head":"<!-- This site is optimized with the Yoast SEO plugin v27.4 - https:\/\/yoast.com\/product\/yoast-seo-wordpress\/ -->\n<title>Bouteille r\u00e9utilisable - Kompra Bootcamp \u2022 Sainte-Julie | Bootcamp \u2022 Hybride \u2022 Obstacles \u2022 F\u00eates d&#039;enfants<\/title>\n<meta name=\"robots\" content=\"index, follow, max-snippet:-1, max-image-preview:large, max-video-preview:-1\" \/>\n<link rel=\"canonical\" href=\"https:\/\/komprabootcamp.ca\/en\/product\/reusable-bottle\/\" \/>\n<meta property=\"og:locale\" content=\"en_US\" \/>\n<meta property=\"og:type\" content=\"article\" \/>\n<meta property=\"og:title\" content=\"Bouteille r\u00e9utilisable - Kompra Bootcamp \u2022 Sainte-Julie | Bootcamp \u2022 Hybride \u2022 Obstacles \u2022 F\u00eates d&#039;enfants\" \/>\n<meta property=\"og:description\" content=\"Hydrate-toi comme un(e) SnakeHead pendant tes workouts avec notre superbe bouteille r\u00e9utilisable au design moderne ! Mod\u00e8le herm\u00e9tique de 700ml fabriqu\u00e9 d&#039;un plastique \u00e9co-responsable sans BPA robuste avec gradations lat\u00e9rales et saillies am\u00e9liorant l&#039;emprise de la bouteille. Bouchon-capsule sans \u00e9coulement [&hellip;]\" \/>\n<meta property=\"og:url\" content=\"https:\/\/komprabootcamp.ca\/en\/product\/reusable-bottle\/\" \/>\n<meta property=\"og:site_name\" content=\"Kompra Bootcamp \u2022 Sainte-Julie | Bootcamp \u2022 Hybride \u2022 Obstacles \u2022 F\u00eates d&#039;enfants\" \/>\n<meta property=\"article:publisher\" content=\"https:\/\/facebook.com\/komprabootcamp.ca\" \/>\n<meta property=\"article:modified_time\" content=\"2026-04-15T03:45:53+00:00\" \/>\n<meta property=\"og:image\" content=\"https:\/\/komprabootcamp.ca\/wp-content\/uploads\/2025\/03\/original-2.png\" \/>\n\t<meta property=\"og:image:width\" content=\"600\" \/>\n\t<meta property=\"og:image:height\" content=\"600\" \/>\n\t<meta property=\"og:image:type\" content=\"image\/png\" \/>\n<meta name=\"twitter:card\" content=\"summary_large_image\" \/>\n<script type=\"application\/ld+json\" class=\"yoast-schema-graph\">{\"@context\":\"https:\\\/\\\/schema.org\",\"@graph\":[{\"@type\":\"WebPage\",\"@id\":\"https:\\\/\\\/komprabootcamp.ca\\\/product\\\/bouteille-reutilisable\\\/\",\"url\":\"https:\\\/\\\/komprabootcamp.ca\\\/product\\\/bouteille-reutilisable\\\/\",\"name\":\"Bouteille r\u00e9utilisable - Kompra Bootcamp \u2022 Sainte-Julie | Bootcamp \u2022 Hybride \u2022 Obstacles \u2022 F\u00eates d&#039;enfants\",\"isPartOf\":{\"@id\":\"https:\\\/\\\/komprabootcamp.ca\\\/#website\"},\"primaryImageOfPage\":{\"@id\":\"https:\\\/\\\/komprabootcamp.ca\\\/product\\\/bouteille-reutilisable\\\/#primaryimage\"},\"image\":{\"@id\":\"https:\\\/\\\/komprabootcamp.ca\\\/product\\\/bouteille-reutilisable\\\/#primaryimage\"},\"thumbnailUrl\":\"https:\\\/\\\/komprabootcamp.ca\\\/wp-content\\\/uploads\\\/2025\\\/03\\\/original-2.png\",\"datePublished\":\"2025-03-09T14:16:53+00:00\",\"dateModified\":\"2026-04-15T03:45:53+00:00\",\"breadcrumb\":{\"@id\":\"https:\\\/\\\/komprabootcamp.ca\\\/product\\\/bouteille-reutilisable\\\/#breadcrumb\"},\"inLanguage\":\"en-CA\",\"potentialAction\":[{\"@type\":\"ReadAction\",\"target\":[\"https:\\\/\\\/komprabootcamp.ca\\\/product\\\/bouteille-reutilisable\\\/\"]}]},{\"@type\":\"ImageObject\",\"inLanguage\":\"en-CA\",\"@id\":\"https:\\\/\\\/komprabootcamp.ca\\\/product\\\/bouteille-reutilisable\\\/#primaryimage\",\"url\":\"https:\\\/\\\/komprabootcamp.ca\\\/wp-content\\\/uploads\\\/2025\\\/03\\\/original-2.png\",\"contentUrl\":\"https:\\\/\\\/komprabootcamp.ca\\\/wp-content\\\/uploads\\\/2025\\\/03\\\/original-2.png\",\"width\":600,\"height\":600},{\"@type\":\"BreadcrumbList\",\"@id\":\"https:\\\/\\\/komprabootcamp.ca\\\/product\\\/bouteille-reutilisable\\\/#breadcrumb\",\"itemListElement\":[{\"@type\":\"ListItem\",\"position\":1,\"name\":\"Home\",\"item\":\"https:\\\/\\\/komprabootcamp.ca\\\/\"},{\"@type\":\"ListItem\",\"position\":2,\"name\":\"Shop\",\"item\":\"https:\\\/\\\/komprabootcamp.ca\\\/?page_id=12\"},{\"@type\":\"ListItem\",\"position\":3,\"name\":\"Bouteille r\u00e9utilisable\"}]},{\"@type\":\"WebSite\",\"@id\":\"https:\\\/\\\/komprabootcamp.ca\\\/#website\",\"url\":\"https:\\\/\\\/komprabootcamp.ca\\\/\",\"name\":\"komprabootcamp.ca\",\"description\":\"Entra\u00eenement bootcamp \u00e0 Sainte-Julie \u2022 Sans contrat et sans abonnement\",\"publisher\":{\"@id\":\"https:\\\/\\\/komprabootcamp.ca\\\/#organization\"},\"potentialAction\":[{\"@type\":\"SearchAction\",\"target\":{\"@type\":\"EntryPoint\",\"urlTemplate\":\"https:\\\/\\\/komprabootcamp.ca\\\/?s={search_term_string}\"},\"query-input\":{\"@type\":\"PropertyValueSpecification\",\"valueRequired\":true,\"valueName\":\"search_term_string\"}}],\"inLanguage\":\"en-CA\"},{\"@type\":\"Organization\",\"@id\":\"https:\\\/\\\/komprabootcamp.ca\\\/#organization\",\"name\":\"SpartanFit \u2022 Sainte-Julie\",\"url\":\"https:\\\/\\\/komprabootcamp.ca\\\/\",\"logo\":{\"@type\":\"ImageObject\",\"inLanguage\":\"en-CA\",\"@id\":\"https:\\\/\\\/komprabootcamp.ca\\\/#\\\/schema\\\/logo\\\/image\\\/\",\"url\":\"https:\\\/\\\/komprabootcamp.ca\\\/wp-content\\\/uploads\\\/2024\\\/07\\\/spartan_fit-logo_long_name_no_rectangle-4000px.png\",\"contentUrl\":\"https:\\\/\\\/komprabootcamp.ca\\\/wp-content\\\/uploads\\\/2024\\\/07\\\/spartan_fit-logo_long_name_no_rectangle-4000px.png\",\"width\":1920,\"height\":403,\"caption\":\"SpartanFit \u2022 Sainte-Julie\"},\"image\":{\"@id\":\"https:\\\/\\\/komprabootcamp.ca\\\/#\\\/schema\\\/logo\\\/image\\\/\"},\"sameAs\":[\"https:\\\/\\\/facebook.com\\\/komprabootcamp.ca\",\"https:\\\/\\\/instagram.com\\\/komprabootcamp.ca\",\"https:\\\/\\\/www.youtube.com\\\/@spartanfit\",\"https:\\\/\\\/www.tiktok.com\\\/@komprabootcamp.ca\"]}]}<\/script>\n<!-- \/ Yoast SEO plugin. -->","yoast_head_json":{"title":"Reusable bottle - Kompra Bootcamp - Sainte-Julie | Bootcamp - Hybrid - Obstacles - Children's parties","robots":{"index":"index","follow":"follow","max-snippet":"max-snippet:-1","max-image-preview":"max-image-preview:large","max-video-preview":"max-video-preview:-1"},"canonical":"https:\/\/komprabootcamp.ca\/en\/product\/reusable-bottle\/","og_locale":"en_US","og_type":"article","og_title":"Bouteille r\u00e9utilisable - Kompra Bootcamp \u2022 Sainte-Julie | Bootcamp \u2022 Hybride \u2022 Obstacles \u2022 F\u00eates d&#039;enfants","og_description":"Hydrate-toi comme un(e) SnakeHead pendant tes workouts avec notre superbe bouteille r\u00e9utilisable au design moderne ! Mod\u00e8le herm\u00e9tique de 700ml fabriqu\u00e9 d&#39;un plastique \u00e9co-responsable sans BPA robuste avec gradations lat\u00e9rales et saillies am\u00e9liorant l&#39;emprise de la bouteille. Bouchon-capsule sans \u00e9coulement [&hellip;]","og_url":"https:\/\/komprabootcamp.ca\/en\/product\/reusable-bottle\/","og_site_name":"Kompra Bootcamp \u2022 Sainte-Julie | Bootcamp \u2022 Hybride \u2022 Obstacles \u2022 F\u00eates d&#039;enfants","article_publisher":"https:\/\/facebook.com\/komprabootcamp.ca","article_modified_time":"2026-04-15T03:45:53+00:00","og_image":[{"width":600,"height":600,"url":"https:\/\/komprabootcamp.ca\/wp-content\/uploads\/2025\/03\/original-2.png","type":"image\/png"}],"twitter_card":"summary_large_image","schema":{"@context":"https:\/\/schema.org","@graph":[{"@type":"WebPage","@id":"https:\/\/komprabootcamp.ca\/product\/bouteille-reutilisable\/","url":"https:\/\/komprabootcamp.ca\/product\/bouteille-reutilisable\/","name":"Reusable bottle - Kompra Bootcamp - Sainte-Julie | Bootcamp - Hybrid - Obstacles - Children's parties","isPartOf":{"@id":"https:\/\/komprabootcamp.ca\/#website"},"primaryImageOfPage":{"@id":"https:\/\/komprabootcamp.ca\/product\/bouteille-reutilisable\/#primaryimage"},"image":{"@id":"https:\/\/komprabootcamp.ca\/product\/bouteille-reutilisable\/#primaryimage"},"thumbnailUrl":"https:\/\/komprabootcamp.ca\/wp-content\/uploads\/2025\/03\/original-2.png","datePublished":"2025-03-09T14:16:53+00:00","dateModified":"2026-04-15T03:45:53+00:00","breadcrumb":{"@id":"https:\/\/komprabootcamp.ca\/product\/bouteille-reutilisable\/#breadcrumb"},"inLanguage":"en-CA","potentialAction":[{"@type":"ReadAction","target":["https:\/\/komprabootcamp.ca\/product\/bouteille-reutilisable\/"]}]},{"@type":"ImageObject","inLanguage":"en-CA","@id":"https:\/\/komprabootcamp.ca\/product\/bouteille-reutilisable\/#primaryimage","url":"https:\/\/komprabootcamp.ca\/wp-content\/uploads\/2025\/03\/original-2.png","contentUrl":"https:\/\/komprabootcamp.ca\/wp-content\/uploads\/2025\/03\/original-2.png","width":600,"height":600},{"@type":"BreadcrumbList","@id":"https:\/\/komprabootcamp.ca\/product\/bouteille-reutilisable\/#breadcrumb","itemListElement":[{"@type":"ListItem","position":1,"name":"Home","item":"https:\/\/komprabootcamp.ca\/"},{"@type":"ListItem","position":2,"name":"Shop","item":"https:\/\/komprabootcamp.ca\/?page_id=12"},{"@type":"ListItem","position":3,"name":"Bouteille r\u00e9utilisable"}]},{"@type":"WebSite","@id":"https:\/\/komprabootcamp.ca\/#website","url":"https:\/\/komprabootcamp.ca\/","name":"komprabootcamp.ca","description":"Bootcamp training in Sainte-Julie - No contract, no membership","publisher":{"@id":"https:\/\/komprabootcamp.ca\/#organization"},"potentialAction":[{"@type":"SearchAction","target":{"@type":"EntryPoint","urlTemplate":"https:\/\/komprabootcamp.ca\/?s={search_term_string}"},"query-input":{"@type":"PropertyValueSpecification","valueRequired":true,"valueName":"search_term_string"}}],"inLanguage":"en-CA"},{"@type":"Organization","@id":"https:\/\/komprabootcamp.ca\/#organization","name":"SpartanFit - Sainte-Julie","url":"https:\/\/komprabootcamp.ca\/","logo":{"@type":"ImageObject","inLanguage":"en-CA","@id":"https:\/\/komprabootcamp.ca\/#\/schema\/logo\/image\/","url":"https:\/\/komprabootcamp.ca\/wp-content\/uploads\/2024\/07\/spartan_fit-logo_long_name_no_rectangle-4000px.png","contentUrl":"https:\/\/komprabootcamp.ca\/wp-content\/uploads\/2024\/07\/spartan_fit-logo_long_name_no_rectangle-4000px.png","width":1920,"height":403,"caption":"SpartanFit \u2022 Sainte-Julie"},"image":{"@id":"https:\/\/komprabootcamp.ca\/#\/schema\/logo\/image\/"},"sameAs":["https:\/\/facebook.com\/komprabootcamp.ca","https:\/\/instagram.com\/komprabootcamp.ca","https:\/\/www.youtube.com\/@spartanfit","https:\/\/www.tiktok.com\/@komprabootcamp.ca"]}]}},"_links":{"self":[{"href":"https:\/\/komprabootcamp.ca\/en\/wp-json\/wp\/v2\/product\/11705","targetHints":{"allow":["GET"]}}],"collection":[{"href":"https:\/\/komprabootcamp.ca\/en\/wp-json\/wp\/v2\/product"}],"about":[{"href":"https:\/\/komprabootcamp.ca\/en\/wp-json\/wp\/v2\/types\/product"}],"replies":[{"embeddable":true,"href":"https:\/\/komprabootcamp.ca\/en\/wp-json\/wp\/v2\/comments?post=11705"}],"version-history":[{"count":0,"href":"https:\/\/komprabootcamp.ca\/en\/wp-json\/wp\/v2\/product\/11705\/revisions"}],"wp:featuredmedia":[{"embeddable":true,"href":"https:\/\/komprabootcamp.ca\/en\/wp-json\/wp\/v2\/media\/11706"}],"wp:attachment":[{"href":"https:\/\/komprabootcamp.ca\/en\/wp-json\/wp\/v2\/media?parent=11705"}],"wp:term":[{"taxonomy":"product_brand","embeddable":true,"href":"https:\/\/komprabootcamp.ca\/en\/wp-json\/wp\/v2\/product_brand?post=11705"},{"taxonomy":"product_cat","embeddable":true,"href":"https:\/\/komprabootcamp.ca\/en\/wp-json\/wp\/v2\/product_cat?post=11705"},{"taxonomy":"product_tag","embeddable":true,"href":"https:\/\/komprabootcamp.ca\/en\/wp-json\/wp\/v2\/product_tag?post=11705"}],"curies":[{"name":"wp","href":"https:\/\/api.w.org\/{rel}","templated":true}]}}