{"id":11662,"date":"2025-03-09T09:15:51","date_gmt":"2025-03-09T14:15:51","guid":{"rendered":"https:\/\/komprabootcamp.ca\/product\/hoodie-athletique-snakeheads\/"},"modified":"2026-04-14T22:45:57","modified_gmt":"2026-04-15T03:45:57","slug":"snakeheads-athletic-hoodie","status":"publish","type":"product","link":"https:\/\/komprabootcamp.ca\/en\/product\/hoodie-athletique-snakeheads\/","title":{"rendered":"SnakeHeads\" athletic hoodie"},"content":{"rendered":"<p>Proudly display your community affiliation with style by wearing our SpartanFit active hoodie!<\/p>\n<p>\u00a0<\/p>\n<p>- 100% polyester material wicks away perspiration during your workouts, keeping you dry at all times<\/p>\n<p>- 3-layer windproof hood<\/p>\n<p>- Comfortable pockets to rest\/warm your hands during your coach's instructions<\/p>\n<p><\/p>\n<p>Perfect for your evening runs, activities in uncertain weather... and for raking leaves!<\/p>\n<p>\u00a0<\/p>\n<p>Adult size chart:\u00a0<\/p>\n<p>https:\/\/spartanfit.ca\/specs_hoodie\/<\/p>\n<p><\/p>\n<p>Children's size chart:<\/p>\n<p>https:\/\/spartanfit.ca\/wp-content\/uploads\/2023\/11\/spec_hoodie_juniors.png<\/p>","protected":false},"excerpt":{"rendered":"<p>Affiche fi\u00e8rement l&#039;appartenance \u00e0 notre communaut\u00e9 avec style en portant notre hoodie actif SpartanFit ! \u00a0 &#8211; Mat\u00e9riel 100% polyester qui \u00e9vacue la transpiration pendant tes workouts, te gardant au sec en tout temps &#8211; Capuche coupe-vent \u00e0 3 \u00e9paisseurs [&hellip;]<\/p>\n","protected":false},"featured_media":11663,"comment_status":"open","ping_status":"closed","template":"","meta":{"_monsterinsights_skip_tracking":false,"_monsterinsights_sitenote_active":false,"_monsterinsights_sitenote_note":"","_monsterinsights_sitenote_category":0},"product_brand":[],"product_cat":[271],"product_tag":[],"class_list":{"0":"post-11662","1":"product","2":"type-product","3":"status-publish","4":"has-post-thumbnail","6":"product_cat-vetements","8":"first","9":"outofstock","10":"featured","11":"taxable","12":"shipping-taxable","13":"purchasable","14":"product-type-variable"},"yoast_head":"<!-- This site is optimized with the Yoast SEO plugin v27.4 - https:\/\/yoast.com\/product\/yoast-seo-wordpress\/ -->\n<title>Hoodie athl\u00e9tique &quot;SnakeHeads&quot; - Kompra Bootcamp \u2022 Sainte-Julie | Bootcamp \u2022 Hybride \u2022 Obstacles \u2022 F\u00eates d&#039;enfants<\/title>\n<meta name=\"robots\" content=\"index, follow, max-snippet:-1, max-image-preview:large, max-video-preview:-1\" \/>\n<link rel=\"canonical\" href=\"https:\/\/komprabootcamp.ca\/en\/product\/snakeheads-athletic-hoodie\/\" \/>\n<meta property=\"og:locale\" content=\"en_US\" \/>\n<meta property=\"og:type\" content=\"article\" \/>\n<meta property=\"og:title\" content=\"Hoodie athl\u00e9tique &quot;SnakeHeads&quot; - Kompra Bootcamp \u2022 Sainte-Julie | Bootcamp \u2022 Hybride \u2022 Obstacles \u2022 F\u00eates d&#039;enfants\" \/>\n<meta property=\"og:description\" content=\"Affiche fi\u00e8rement l&#039;appartenance \u00e0 notre communaut\u00e9 avec style en portant notre hoodie actif SpartanFit ! \u00a0 &#8211; Mat\u00e9riel 100% polyester qui \u00e9vacue la transpiration pendant tes workouts, te gardant au sec en tout temps &#8211; Capuche coupe-vent \u00e0 3 \u00e9paisseurs [&hellip;]\" \/>\n<meta property=\"og:url\" content=\"https:\/\/komprabootcamp.ca\/en\/product\/snakeheads-athletic-hoodie\/\" \/>\n<meta property=\"og:site_name\" content=\"Kompra Bootcamp \u2022 Sainte-Julie | Bootcamp \u2022 Hybride \u2022 Obstacles \u2022 F\u00eates d&#039;enfants\" \/>\n<meta property=\"article:publisher\" content=\"https:\/\/facebook.com\/komprabootcamp.ca\" \/>\n<meta property=\"article:modified_time\" content=\"2026-04-15T03:45:57+00:00\" \/>\n<meta property=\"og:image\" content=\"https:\/\/komprabootcamp.ca\/wp-content\/uploads\/2025\/03\/original.png\" \/>\n\t<meta property=\"og:image:width\" content=\"1920\" \/>\n\t<meta property=\"og:image:height\" content=\"1920\" \/>\n\t<meta property=\"og:image:type\" content=\"image\/png\" \/>\n<meta name=\"twitter:card\" content=\"summary_large_image\" \/>\n<script type=\"application\/ld+json\" class=\"yoast-schema-graph\">{\"@context\":\"https:\\\/\\\/schema.org\",\"@graph\":[{\"@type\":\"WebPage\",\"@id\":\"https:\\\/\\\/komprabootcamp.ca\\\/product\\\/hoodie-athletique-snakeheads\\\/\",\"url\":\"https:\\\/\\\/komprabootcamp.ca\\\/product\\\/hoodie-athletique-snakeheads\\\/\",\"name\":\"Hoodie athl\u00e9tique \\\"SnakeHeads\\\" - Kompra Bootcamp \u2022 Sainte-Julie | Bootcamp \u2022 Hybride \u2022 Obstacles \u2022 F\u00eates d&#039;enfants\",\"isPartOf\":{\"@id\":\"https:\\\/\\\/komprabootcamp.ca\\\/#website\"},\"primaryImageOfPage\":{\"@id\":\"https:\\\/\\\/komprabootcamp.ca\\\/product\\\/hoodie-athletique-snakeheads\\\/#primaryimage\"},\"image\":{\"@id\":\"https:\\\/\\\/komprabootcamp.ca\\\/product\\\/hoodie-athletique-snakeheads\\\/#primaryimage\"},\"thumbnailUrl\":\"https:\\\/\\\/komprabootcamp.ca\\\/wp-content\\\/uploads\\\/2025\\\/03\\\/original.png\",\"datePublished\":\"2025-03-09T14:15:51+00:00\",\"dateModified\":\"2026-04-15T03:45:57+00:00\",\"breadcrumb\":{\"@id\":\"https:\\\/\\\/komprabootcamp.ca\\\/product\\\/hoodie-athletique-snakeheads\\\/#breadcrumb\"},\"inLanguage\":\"en-CA\",\"potentialAction\":[{\"@type\":\"ReadAction\",\"target\":[\"https:\\\/\\\/komprabootcamp.ca\\\/product\\\/hoodie-athletique-snakeheads\\\/\"]}]},{\"@type\":\"ImageObject\",\"inLanguage\":\"en-CA\",\"@id\":\"https:\\\/\\\/komprabootcamp.ca\\\/product\\\/hoodie-athletique-snakeheads\\\/#primaryimage\",\"url\":\"https:\\\/\\\/komprabootcamp.ca\\\/wp-content\\\/uploads\\\/2025\\\/03\\\/original.png\",\"contentUrl\":\"https:\\\/\\\/komprabootcamp.ca\\\/wp-content\\\/uploads\\\/2025\\\/03\\\/original.png\",\"width\":1920,\"height\":1920},{\"@type\":\"BreadcrumbList\",\"@id\":\"https:\\\/\\\/komprabootcamp.ca\\\/product\\\/hoodie-athletique-snakeheads\\\/#breadcrumb\",\"itemListElement\":[{\"@type\":\"ListItem\",\"position\":1,\"name\":\"Home\",\"item\":\"https:\\\/\\\/komprabootcamp.ca\\\/\"},{\"@type\":\"ListItem\",\"position\":2,\"name\":\"Shop\",\"item\":\"https:\\\/\\\/komprabootcamp.ca\\\/?page_id=12\"},{\"@type\":\"ListItem\",\"position\":3,\"name\":\"Hoodie athl\u00e9tique \u00ab\u00a0SnakeHeads\u00a0\u00bb\"}]},{\"@type\":\"WebSite\",\"@id\":\"https:\\\/\\\/komprabootcamp.ca\\\/#website\",\"url\":\"https:\\\/\\\/komprabootcamp.ca\\\/\",\"name\":\"komprabootcamp.ca\",\"description\":\"Entra\u00eenement bootcamp \u00e0 Sainte-Julie \u2022 Sans contrat et sans abonnement\",\"publisher\":{\"@id\":\"https:\\\/\\\/komprabootcamp.ca\\\/#organization\"},\"potentialAction\":[{\"@type\":\"SearchAction\",\"target\":{\"@type\":\"EntryPoint\",\"urlTemplate\":\"https:\\\/\\\/komprabootcamp.ca\\\/?s={search_term_string}\"},\"query-input\":{\"@type\":\"PropertyValueSpecification\",\"valueRequired\":true,\"valueName\":\"search_term_string\"}}],\"inLanguage\":\"en-CA\"},{\"@type\":\"Organization\",\"@id\":\"https:\\\/\\\/komprabootcamp.ca\\\/#organization\",\"name\":\"SpartanFit \u2022 Sainte-Julie\",\"url\":\"https:\\\/\\\/komprabootcamp.ca\\\/\",\"logo\":{\"@type\":\"ImageObject\",\"inLanguage\":\"en-CA\",\"@id\":\"https:\\\/\\\/komprabootcamp.ca\\\/#\\\/schema\\\/logo\\\/image\\\/\",\"url\":\"https:\\\/\\\/komprabootcamp.ca\\\/wp-content\\\/uploads\\\/2024\\\/07\\\/spartan_fit-logo_long_name_no_rectangle-4000px.png\",\"contentUrl\":\"https:\\\/\\\/komprabootcamp.ca\\\/wp-content\\\/uploads\\\/2024\\\/07\\\/spartan_fit-logo_long_name_no_rectangle-4000px.png\",\"width\":1920,\"height\":403,\"caption\":\"SpartanFit \u2022 Sainte-Julie\"},\"image\":{\"@id\":\"https:\\\/\\\/komprabootcamp.ca\\\/#\\\/schema\\\/logo\\\/image\\\/\"},\"sameAs\":[\"https:\\\/\\\/facebook.com\\\/komprabootcamp.ca\",\"https:\\\/\\\/instagram.com\\\/komprabootcamp.ca\",\"https:\\\/\\\/www.youtube.com\\\/@spartanfit\",\"https:\\\/\\\/www.tiktok.com\\\/@komprabootcamp.ca\"]}]}<\/script>\n<!-- \/ Yoast SEO plugin. -->","yoast_head_json":{"title":"SnakeHeads\" athletic hoodie - Kompra Bootcamp - Sainte-Julie | Bootcamp - Hybrid - Obstacles - Children's parties","robots":{"index":"index","follow":"follow","max-snippet":"max-snippet:-1","max-image-preview":"max-image-preview:large","max-video-preview":"max-video-preview:-1"},"canonical":"https:\/\/komprabootcamp.ca\/en\/product\/snakeheads-athletic-hoodie\/","og_locale":"en_US","og_type":"article","og_title":"Hoodie athl\u00e9tique \"SnakeHeads\" - Kompra Bootcamp \u2022 Sainte-Julie | Bootcamp \u2022 Hybride \u2022 Obstacles \u2022 F\u00eates d&#039;enfants","og_description":"Affiche fi\u00e8rement l&#039;appartenance \u00e0 notre communaut\u00e9 avec style en portant notre hoodie actif SpartanFit ! \u00a0 &#8211; Mat\u00e9riel 100% polyester qui \u00e9vacue la transpiration pendant tes workouts, te gardant au sec en tout temps &#8211; Capuche coupe-vent \u00e0 3 \u00e9paisseurs [&hellip;]","og_url":"https:\/\/komprabootcamp.ca\/en\/product\/snakeheads-athletic-hoodie\/","og_site_name":"Kompra Bootcamp \u2022 Sainte-Julie | Bootcamp \u2022 Hybride \u2022 Obstacles \u2022 F\u00eates d&#039;enfants","article_publisher":"https:\/\/facebook.com\/komprabootcamp.ca","article_modified_time":"2026-04-15T03:45:57+00:00","og_image":[{"width":1920,"height":1920,"url":"https:\/\/komprabootcamp.ca\/wp-content\/uploads\/2025\/03\/original.png","type":"image\/png"}],"twitter_card":"summary_large_image","schema":{"@context":"https:\/\/schema.org","@graph":[{"@type":"WebPage","@id":"https:\/\/komprabootcamp.ca\/product\/hoodie-athletique-snakeheads\/","url":"https:\/\/komprabootcamp.ca\/product\/hoodie-athletique-snakeheads\/","name":"SnakeHeads\" athletic hoodie - Kompra Bootcamp - Sainte-Julie | Bootcamp - Hybrid - Obstacles - Children's parties","isPartOf":{"@id":"https:\/\/komprabootcamp.ca\/#website"},"primaryImageOfPage":{"@id":"https:\/\/komprabootcamp.ca\/product\/hoodie-athletique-snakeheads\/#primaryimage"},"image":{"@id":"https:\/\/komprabootcamp.ca\/product\/hoodie-athletique-snakeheads\/#primaryimage"},"thumbnailUrl":"https:\/\/komprabootcamp.ca\/wp-content\/uploads\/2025\/03\/original.png","datePublished":"2025-03-09T14:15:51+00:00","dateModified":"2026-04-15T03:45:57+00:00","breadcrumb":{"@id":"https:\/\/komprabootcamp.ca\/product\/hoodie-athletique-snakeheads\/#breadcrumb"},"inLanguage":"en-CA","potentialAction":[{"@type":"ReadAction","target":["https:\/\/komprabootcamp.ca\/product\/hoodie-athletique-snakeheads\/"]}]},{"@type":"ImageObject","inLanguage":"en-CA","@id":"https:\/\/komprabootcamp.ca\/product\/hoodie-athletique-snakeheads\/#primaryimage","url":"https:\/\/komprabootcamp.ca\/wp-content\/uploads\/2025\/03\/original.png","contentUrl":"https:\/\/komprabootcamp.ca\/wp-content\/uploads\/2025\/03\/original.png","width":1920,"height":1920},{"@type":"BreadcrumbList","@id":"https:\/\/komprabootcamp.ca\/product\/hoodie-athletique-snakeheads\/#breadcrumb","itemListElement":[{"@type":"ListItem","position":1,"name":"Home","item":"https:\/\/komprabootcamp.ca\/"},{"@type":"ListItem","position":2,"name":"Shop","item":"https:\/\/komprabootcamp.ca\/?page_id=12"},{"@type":"ListItem","position":3,"name":"Hoodie athl\u00e9tique \u00ab\u00a0SnakeHeads\u00a0\u00bb"}]},{"@type":"WebSite","@id":"https:\/\/komprabootcamp.ca\/#website","url":"https:\/\/komprabootcamp.ca\/","name":"komprabootcamp.ca","description":"Bootcamp training in Sainte-Julie - No contract, no membership","publisher":{"@id":"https:\/\/komprabootcamp.ca\/#organization"},"potentialAction":[{"@type":"SearchAction","target":{"@type":"EntryPoint","urlTemplate":"https:\/\/komprabootcamp.ca\/?s={search_term_string}"},"query-input":{"@type":"PropertyValueSpecification","valueRequired":true,"valueName":"search_term_string"}}],"inLanguage":"en-CA"},{"@type":"Organization","@id":"https:\/\/komprabootcamp.ca\/#organization","name":"SpartanFit - Sainte-Julie","url":"https:\/\/komprabootcamp.ca\/","logo":{"@type":"ImageObject","inLanguage":"en-CA","@id":"https:\/\/komprabootcamp.ca\/#\/schema\/logo\/image\/","url":"https:\/\/komprabootcamp.ca\/wp-content\/uploads\/2024\/07\/spartan_fit-logo_long_name_no_rectangle-4000px.png","contentUrl":"https:\/\/komprabootcamp.ca\/wp-content\/uploads\/2024\/07\/spartan_fit-logo_long_name_no_rectangle-4000px.png","width":1920,"height":403,"caption":"SpartanFit \u2022 Sainte-Julie"},"image":{"@id":"https:\/\/komprabootcamp.ca\/#\/schema\/logo\/image\/"},"sameAs":["https:\/\/facebook.com\/komprabootcamp.ca","https:\/\/instagram.com\/komprabootcamp.ca","https:\/\/www.youtube.com\/@spartanfit","https:\/\/www.tiktok.com\/@komprabootcamp.ca"]}]}},"_links":{"self":[{"href":"https:\/\/komprabootcamp.ca\/en\/wp-json\/wp\/v2\/product\/11662","targetHints":{"allow":["GET"]}}],"collection":[{"href":"https:\/\/komprabootcamp.ca\/en\/wp-json\/wp\/v2\/product"}],"about":[{"href":"https:\/\/komprabootcamp.ca\/en\/wp-json\/wp\/v2\/types\/product"}],"replies":[{"embeddable":true,"href":"https:\/\/komprabootcamp.ca\/en\/wp-json\/wp\/v2\/comments?post=11662"}],"version-history":[{"count":2,"href":"https:\/\/komprabootcamp.ca\/en\/wp-json\/wp\/v2\/product\/11662\/revisions"}],"predecessor-version":[{"id":16476,"href":"https:\/\/komprabootcamp.ca\/en\/wp-json\/wp\/v2\/product\/11662\/revisions\/16476"}],"wp:featuredmedia":[{"embeddable":true,"href":"https:\/\/komprabootcamp.ca\/en\/wp-json\/wp\/v2\/media\/11663"}],"wp:attachment":[{"href":"https:\/\/komprabootcamp.ca\/en\/wp-json\/wp\/v2\/media?parent=11662"}],"wp:term":[{"taxonomy":"product_brand","embeddable":true,"href":"https:\/\/komprabootcamp.ca\/en\/wp-json\/wp\/v2\/product_brand?post=11662"},{"taxonomy":"product_cat","embeddable":true,"href":"https:\/\/komprabootcamp.ca\/en\/wp-json\/wp\/v2\/product_cat?post=11662"},{"taxonomy":"product_tag","embeddable":true,"href":"https:\/\/komprabootcamp.ca\/en\/wp-json\/wp\/v2\/product_tag?post=11662"}],"curies":[{"name":"wp","href":"https:\/\/api.w.org\/{rel}","templated":true}]}}