{"id":3,"date":"2024-07-17T22:45:17","date_gmt":"2024-07-17T22:45:17","guid":{"rendered":"http:\/\/komprabootcamp.ca\/?page_id=3"},"modified":"2025-04-23T12:40:49","modified_gmt":"2025-04-23T12:40:49","slug":"privacy-policy","status":"publish","type":"page","link":"https:\/\/komprabootcamp.ca\/en\/politique-confidentialite\/","title":{"rendered":"Privacy policy"},"content":{"rendered":"<p><strong>Introduction<\/strong><br \/>\nWith the development of new communication tools, it is necessary to pay particular attention to the protection of privacy. That's why we are committed to respecting the confidentiality of the personal information we collect.<\/p>\n<hr>\n<h4>Collection of personal information<\/h4>\n<p>We collect the following information:<\/p>\n<ul>\n<li>Name<\/li>\n<li>First name<\/li>\n<li>E-mail address<\/li>\n<li>Telephone \/ fax number<\/li>\n<li>Family situation<\/li>\n<\/ul>\n<p>The personal information we collect is gathered through forms and through the interactivity established between you and our website. As indicated in the following section, we also use cookies and\/or log files to gather information about you.<\/p>\n<hr>\n<h4>Forms and interactivity:<\/h4>\n<p>Your personal information is collected via the following forms:<\/p>\n<ul>\n<li>Website registration form<\/li>\n<li>Order form<\/li>\n<li>Opinion poll<\/li>\n<li>Competition<\/li>\n<\/ul>\n<p>We use the information collected for the following purposes:<\/p>\n<ul>\n<li>Order tracking<\/li>\n<li>Information \/ Promotional offers<\/li>\n<li>Statistics<\/li>\n<li>Contact<\/li>\n<\/ul>\n<p>Your information is also collected through the interactivity that may be established between you and our Web site in the following ways:<\/p>\n<ul>\n<li>Statistics<\/li>\n<li>Contact<\/li>\n<\/ul>\n<p>We use the information collected for the following purposes:<\/p>\n<ul>\n<li>Comments<\/li>\n<li>Correspondence<\/li>\n<li>Information or promotional offers<\/li>\n<\/ul>\n<hr>\n<h4>Right of objection and withdrawal<\/h4>\n<p>We are committed to offering you the right to object to and withdraw your personal information.<br \/>\nThe right of opposition is understood to be the possibility offered to Internet users to refuse that their personal information be used for certain purposes mentioned at the time of collection.<\/p>\n<p>The right of withdrawal is understood to be the possibility offered to Internet users to request that their personal information no longer appear, for example, on a mailing list.<\/p>\n<p>To exercise these rights, you can :<br \/>\nPostal code: 1950P, ch. Fer-\u00e0-Cheval, Sainte-Julie, Qc, J3E 3J6<br \/>\nE-mail: info@komprabootcamp.ca<br \/>\nWebsite section: https:\/\/komprabootcamp.ca\/<\/p>\n<hr>\n<h4>Right of access<\/h4>\n<p>We undertake to grant a right of access and rectification to the persons concerned who wish to consult, modify or even delete the information concerning them.<br \/>\nThis right may be exercised :<br \/>\nPostal code: 1950P, ch. Fer-\u00e0-Cheval, Sainte-Julie, Qc, J3E 3J6<br \/>\nE-mail: info@komprabootcamp.ca<br \/>\nWebsite section: https:\/\/komprabootcamp.ca\/<\/p>\n<hr>\n<h4>Children<\/h4>\n<p>Our website contains sections intended for children. Children's personal information is collected with the consent of the child's parent or guardian. We request consent through :<\/p>\n<ul>\n<li>Registration form<\/li>\n<li>Order form<\/li>\n<\/ul>","protected":false},"excerpt":{"rendered":"<p>Introduction Devant le d\u00e9veloppement des nouveaux outils de communication, il est n\u00e9cessaire de porter une attention particuli\u00e8re \u00e0 la protection de la vie priv\u00e9e. C&rsquo;est pourquoi, nous nous engageons \u00e0 respecter la confidentialit\u00e9 des renseignements personnels que nous collectons. Collecte [&hellip;]<\/p>\n","protected":false},"author":1,"featured_media":11766,"parent":0,"menu_order":0,"comment_status":"closed","ping_status":"closed","template":"","meta":{"_monsterinsights_skip_tracking":false,"_monsterinsights_sitenote_active":false,"_monsterinsights_sitenote_note":"","_monsterinsights_sitenote_category":0,"footnotes":""},"class_list":["post-3","page","type-page","status-publish","has-post-thumbnail","hentry"],"yoast_head":"<!-- This site is optimized with the Yoast SEO plugin v27.4 - https:\/\/yoast.com\/product\/yoast-seo-wordpress\/ -->\n<title>Politique de confidentialit\u00e9 | Kompra Bootcamp \u2022 Sainte-Julie | Bootcamp \u2022 Hybride \u2022 Obstacles \u2022 F\u00eates d&#039;enfants<\/title>\n<meta name=\"description\" content=\"La protection de la vie priv\u00e9e et des informations confidentielles de nos membres est essentielle. Voici nos d\u00e9marches pour y arriver.\" \/>\n<meta name=\"robots\" content=\"noindex, nofollow\" \/>\n<meta property=\"og:locale\" content=\"en_US\" \/>\n<meta property=\"og:type\" content=\"article\" \/>\n<meta property=\"og:title\" content=\"Politique de confidentialit\u00e9 | Kompra Bootcamp \u2022 Sainte-Julie | Bootcamp \u2022 Hybride \u2022 Obstacles \u2022 F\u00eates d&#039;enfants\" \/>\n<meta property=\"og:description\" content=\"La protection de la vie priv\u00e9e et des informations confidentielles de nos membres est essentielle. Voici nos d\u00e9marches pour y arriver.\" \/>\n<meta property=\"og:url\" content=\"https:\/\/komprabootcamp.ca\/en\/privacy-policy\/\" \/>\n<meta property=\"og:site_name\" content=\"Kompra Bootcamp \u2022 Sainte-Julie | Bootcamp \u2022 Hybride \u2022 Obstacles \u2022 F\u00eates d&#039;enfants\" \/>\n<meta property=\"article:publisher\" content=\"https:\/\/facebook.com\/komprabootcamp.ca\" \/>\n<meta property=\"article:modified_time\" content=\"2025-04-23T12:40:49+00:00\" \/>\n<meta property=\"og:image\" content=\"https:\/\/komprabootcamp.ca\/wp-content\/uploads\/2025\/03\/SpartanFit-Gym-1920px-1024x576.jpg\" \/>\n\t<meta property=\"og:image:width\" content=\"1024\" \/>\n\t<meta property=\"og:image:height\" content=\"576\" \/>\n\t<meta property=\"og:image:type\" content=\"image\/jpeg\" \/>\n<meta name=\"twitter:card\" content=\"summary_large_image\" \/>\n<meta name=\"twitter:label1\" content=\"Est. reading time\" \/>\n\t<meta name=\"twitter:data1\" content=\"3 minutes\" \/>\n<script type=\"application\/ld+json\" class=\"yoast-schema-graph\">{\"@context\":\"https:\\\/\\\/schema.org\",\"@graph\":[{\"@type\":\"WebPage\",\"@id\":\"https:\\\/\\\/komprabootcamp.ca\\\/politique-confidentialite\\\/\",\"url\":\"https:\\\/\\\/komprabootcamp.ca\\\/politique-confidentialite\\\/\",\"name\":\"Politique de confidentialit\u00e9 | Kompra Bootcamp \u2022 Sainte-Julie | Bootcamp \u2022 Hybride \u2022 Obstacles \u2022 F\u00eates d&#039;enfants\",\"isPartOf\":{\"@id\":\"https:\\\/\\\/komprabootcamp.ca\\\/#website\"},\"primaryImageOfPage\":{\"@id\":\"https:\\\/\\\/komprabootcamp.ca\\\/politique-confidentialite\\\/#primaryimage\"},\"image\":{\"@id\":\"https:\\\/\\\/komprabootcamp.ca\\\/politique-confidentialite\\\/#primaryimage\"},\"thumbnailUrl\":\"https:\\\/\\\/komprabootcamp.ca\\\/wp-content\\\/uploads\\\/2025\\\/03\\\/Kompra Bootcamp-Gym-1920px.jpg\",\"datePublished\":\"2024-07-17T22:45:17+00:00\",\"dateModified\":\"2025-04-23T12:40:49+00:00\",\"description\":\"La protection de la vie priv\u00e9e et des informations confidentielles de nos membres est essentielle. Voici nos d\u00e9marches pour y arriver.\",\"breadcrumb\":{\"@id\":\"https:\\\/\\\/komprabootcamp.ca\\\/politique-confidentialite\\\/#breadcrumb\"},\"inLanguage\":\"en-CA\",\"potentialAction\":[{\"@type\":\"ReadAction\",\"target\":[\"https:\\\/\\\/komprabootcamp.ca\\\/politique-confidentialite\\\/\"]}]},{\"@type\":\"ImageObject\",\"inLanguage\":\"en-CA\",\"@id\":\"https:\\\/\\\/komprabootcamp.ca\\\/politique-confidentialite\\\/#primaryimage\",\"url\":\"https:\\\/\\\/komprabootcamp.ca\\\/wp-content\\\/uploads\\\/2025\\\/03\\\/Kompra Bootcamp-Gym-1920px.jpg\",\"contentUrl\":\"https:\\\/\\\/komprabootcamp.ca\\\/wp-content\\\/uploads\\\/2025\\\/03\\\/Kompra Bootcamp-Gym-1920px.jpg\",\"width\":1920,\"height\":1080,\"caption\":\"Kompra Bootcamp \u2022 Sainte-Julie | Entra\u00eenement de groupe \u2022 Bootcamp \u2022 Hybride \u2022 F\u00eates d'enfants \u2022 Obstacles | Ninja \u2022 OCR\"},{\"@type\":\"BreadcrumbList\",\"@id\":\"https:\\\/\\\/komprabootcamp.ca\\\/politique-confidentialite\\\/#breadcrumb\",\"itemListElement\":[{\"@type\":\"ListItem\",\"position\":1,\"name\":\"Home\",\"item\":\"https:\\\/\\\/komprabootcamp.ca\\\/\"},{\"@type\":\"ListItem\",\"position\":2,\"name\":\"Politique de confidentialit\u00e9\"}]},{\"@type\":\"WebSite\",\"@id\":\"https:\\\/\\\/komprabootcamp.ca\\\/#website\",\"url\":\"https:\\\/\\\/komprabootcamp.ca\\\/\",\"name\":\"komprabootcamp.ca\",\"description\":\"Entra\u00eenement bootcamp \u00e0 Sainte-Julie \u2022 Sans contrat et sans abonnement\",\"publisher\":{\"@id\":\"https:\\\/\\\/komprabootcamp.ca\\\/#organization\"},\"potentialAction\":[{\"@type\":\"SearchAction\",\"target\":{\"@type\":\"EntryPoint\",\"urlTemplate\":\"https:\\\/\\\/komprabootcamp.ca\\\/?s={search_term_string}\"},\"query-input\":{\"@type\":\"PropertyValueSpecification\",\"valueRequired\":true,\"valueName\":\"search_term_string\"}}],\"inLanguage\":\"en-CA\"},{\"@type\":\"Organization\",\"@id\":\"https:\\\/\\\/komprabootcamp.ca\\\/#organization\",\"name\":\"SpartanFit \u2022 Sainte-Julie\",\"url\":\"https:\\\/\\\/komprabootcamp.ca\\\/\",\"logo\":{\"@type\":\"ImageObject\",\"inLanguage\":\"en-CA\",\"@id\":\"https:\\\/\\\/komprabootcamp.ca\\\/#\\\/schema\\\/logo\\\/image\\\/\",\"url\":\"https:\\\/\\\/komprabootcamp.ca\\\/wp-content\\\/uploads\\\/2024\\\/07\\\/spartan_fit-logo_long_name_no_rectangle-4000px.png\",\"contentUrl\":\"https:\\\/\\\/komprabootcamp.ca\\\/wp-content\\\/uploads\\\/2024\\\/07\\\/spartan_fit-logo_long_name_no_rectangle-4000px.png\",\"width\":1920,\"height\":403,\"caption\":\"SpartanFit \u2022 Sainte-Julie\"},\"image\":{\"@id\":\"https:\\\/\\\/komprabootcamp.ca\\\/#\\\/schema\\\/logo\\\/image\\\/\"},\"sameAs\":[\"https:\\\/\\\/facebook.com\\\/komprabootcamp.ca\",\"https:\\\/\\\/instagram.com\\\/komprabootcamp.ca\",\"https:\\\/\\\/www.youtube.com\\\/@spartanfit\",\"https:\\\/\\\/www.tiktok.com\\\/@komprabootcamp.ca\"]}]}<\/script>\n<!-- \/ Yoast SEO plugin. -->","yoast_head_json":{"title":"Privacy Policy | Kompra Bootcamp - Sainte-Julie | Bootcamp - Hybride - Obstacles - Children's parties","description":"Protecting our members' privacy and confidential information is essential. Here's how we're doing it.","robots":{"index":"noindex","follow":"nofollow"},"og_locale":"en_US","og_type":"article","og_title":"Politique de confidentialit\u00e9 | Kompra Bootcamp \u2022 Sainte-Julie | Bootcamp \u2022 Hybride \u2022 Obstacles \u2022 F\u00eates d&#039;enfants","og_description":"La protection de la vie priv\u00e9e et des informations confidentielles de nos membres est essentielle. Voici nos d\u00e9marches pour y arriver.","og_url":"https:\/\/komprabootcamp.ca\/en\/privacy-policy\/","og_site_name":"Kompra Bootcamp \u2022 Sainte-Julie | Bootcamp \u2022 Hybride \u2022 Obstacles \u2022 F\u00eates d&#039;enfants","article_publisher":"https:\/\/facebook.com\/komprabootcamp.ca","article_modified_time":"2025-04-23T12:40:49+00:00","og_image":[{"width":1024,"height":576,"url":"https:\/\/komprabootcamp.ca\/wp-content\/uploads\/2025\/03\/SpartanFit-Gym-1920px-1024x576.jpg","type":"image\/jpeg"}],"twitter_card":"summary_large_image","twitter_misc":{"Est. reading time":"3 minutes"},"schema":{"@context":"https:\/\/schema.org","@graph":[{"@type":"WebPage","@id":"https:\/\/komprabootcamp.ca\/politique-confidentialite\/","url":"https:\/\/komprabootcamp.ca\/politique-confidentialite\/","name":"Privacy Policy | Kompra Bootcamp - Sainte-Julie | Bootcamp - Hybride - Obstacles - Children's parties","isPartOf":{"@id":"https:\/\/komprabootcamp.ca\/#website"},"primaryImageOfPage":{"@id":"https:\/\/komprabootcamp.ca\/politique-confidentialite\/#primaryimage"},"image":{"@id":"https:\/\/komprabootcamp.ca\/politique-confidentialite\/#primaryimage"},"thumbnailUrl":"https:\/\/komprabootcamp.ca\/wp-content\/uploads\/2025\/03\/Kompra Bootcamp-Gym-1920px.jpg","datePublished":"2024-07-17T22:45:17+00:00","dateModified":"2025-04-23T12:40:49+00:00","description":"Protecting our members' privacy and confidential information is essential. Here's how we're doing it.","breadcrumb":{"@id":"https:\/\/komprabootcamp.ca\/politique-confidentialite\/#breadcrumb"},"inLanguage":"en-CA","potentialAction":[{"@type":"ReadAction","target":["https:\/\/komprabootcamp.ca\/politique-confidentialite\/"]}]},{"@type":"ImageObject","inLanguage":"en-CA","@id":"https:\/\/komprabootcamp.ca\/politique-confidentialite\/#primaryimage","url":"https:\/\/komprabootcamp.ca\/wp-content\/uploads\/2025\/03\/Kompra Bootcamp-Gym-1920px.jpg","contentUrl":"https:\/\/komprabootcamp.ca\/wp-content\/uploads\/2025\/03\/Kompra Bootcamp-Gym-1920px.jpg","width":1920,"height":1080,"caption":"Kompra Bootcamp \u2022 Sainte-Julie | Entra\u00eenement de groupe \u2022 Bootcamp \u2022 Hybride \u2022 F\u00eates d'enfants \u2022 Obstacles | Ninja \u2022 OCR"},{"@type":"BreadcrumbList","@id":"https:\/\/komprabootcamp.ca\/politique-confidentialite\/#breadcrumb","itemListElement":[{"@type":"ListItem","position":1,"name":"Home","item":"https:\/\/komprabootcamp.ca\/"},{"@type":"ListItem","position":2,"name":"Politique de confidentialit\u00e9"}]},{"@type":"WebSite","@id":"https:\/\/komprabootcamp.ca\/#website","url":"https:\/\/komprabootcamp.ca\/","name":"komprabootcamp.ca","description":"Bootcamp training in Sainte-Julie - No contract, no membership","publisher":{"@id":"https:\/\/komprabootcamp.ca\/#organization"},"potentialAction":[{"@type":"SearchAction","target":{"@type":"EntryPoint","urlTemplate":"https:\/\/komprabootcamp.ca\/?s={search_term_string}"},"query-input":{"@type":"PropertyValueSpecification","valueRequired":true,"valueName":"search_term_string"}}],"inLanguage":"en-CA"},{"@type":"Organization","@id":"https:\/\/komprabootcamp.ca\/#organization","name":"SpartanFit - Sainte-Julie","url":"https:\/\/komprabootcamp.ca\/","logo":{"@type":"ImageObject","inLanguage":"en-CA","@id":"https:\/\/komprabootcamp.ca\/#\/schema\/logo\/image\/","url":"https:\/\/komprabootcamp.ca\/wp-content\/uploads\/2024\/07\/spartan_fit-logo_long_name_no_rectangle-4000px.png","contentUrl":"https:\/\/komprabootcamp.ca\/wp-content\/uploads\/2024\/07\/spartan_fit-logo_long_name_no_rectangle-4000px.png","width":1920,"height":403,"caption":"SpartanFit \u2022 Sainte-Julie"},"image":{"@id":"https:\/\/komprabootcamp.ca\/#\/schema\/logo\/image\/"},"sameAs":["https:\/\/facebook.com\/komprabootcamp.ca","https:\/\/instagram.com\/komprabootcamp.ca","https:\/\/www.youtube.com\/@spartanfit","https:\/\/www.tiktok.com\/@komprabootcamp.ca"]}]}},"_links":{"self":[{"href":"https:\/\/komprabootcamp.ca\/en\/wp-json\/wp\/v2\/pages\/3","targetHints":{"allow":["GET"]}}],"collection":[{"href":"https:\/\/komprabootcamp.ca\/en\/wp-json\/wp\/v2\/pages"}],"about":[{"href":"https:\/\/komprabootcamp.ca\/en\/wp-json\/wp\/v2\/types\/page"}],"author":[{"embeddable":true,"href":"https:\/\/komprabootcamp.ca\/en\/wp-json\/wp\/v2\/users\/1"}],"replies":[{"embeddable":true,"href":"https:\/\/komprabootcamp.ca\/en\/wp-json\/wp\/v2\/comments?post=3"}],"version-history":[{"count":3,"href":"https:\/\/komprabootcamp.ca\/en\/wp-json\/wp\/v2\/pages\/3\/revisions"}],"predecessor-version":[{"id":10915,"href":"https:\/\/komprabootcamp.ca\/en\/wp-json\/wp\/v2\/pages\/3\/revisions\/10915"}],"wp:featuredmedia":[{"embeddable":true,"href":"https:\/\/komprabootcamp.ca\/en\/wp-json\/wp\/v2\/media\/11766"}],"wp:attachment":[{"href":"https:\/\/komprabootcamp.ca\/en\/wp-json\/wp\/v2\/media?parent=3"}],"curies":[{"name":"wp","href":"https:\/\/api.w.org\/{rel}","templated":true}]}}